{"id":155,"date":"2019-04-16T16:42:24","date_gmt":"2019-04-16T14:42:24","guid":{"rendered":"http:\/\/www.estudio-erre.com\/?page_id=155"},"modified":"2023-01-26T16:08:03","modified_gmt":"2023-01-26T15:08:03","slug":"contacto","status":"publish","type":"page","link":"https:\/\/www.estudio-erre.com\/index.php\/contacto\/","title":{"rendered":"Contacto"},"content":{"rendered":"\n<p><strong>Javier Pe\u00f1a <\/strong><br><strong>T. <\/strong>0034 670 898 736<br><strong>e-mail: <\/strong><a href=\"mailto:javier@estudio-erre.com\">javier@estudio-erre.com<\/a><br><strong>Direcci\u00f3n:<\/strong> Nicol\u00e1s Morales 38-40, 1\u00ba estudio 10, Madrid <br><\/p>\n\n\n\n<div class=\"wp-block-file\"><object class=\"wp-block-file__embed\" data=\"http:\/\/www.estudio-erre.com\/wp-content\/uploads\/2023\/01\/estudio_erre_PORTFOLIO.pdf\" type=\"application\/pdf\" style=\"width:100%;height:600px\" aria-label=\"Incrustado de estudio_erre_PORTFOLIO.\"><\/object><a id=\"wp-block-file--media-869f2ced-fd8c-4586-a035-2d45db4077f5\" href=\"http:\/\/www.estudio-erre.com\/wp-content\/uploads\/2023\/01\/estudio_erre_PORTFOLIO.pdf\">estudio_erre_PORTFOLIO<\/a><a href=\"http:\/\/www.estudio-erre.com\/wp-content\/uploads\/2023\/01\/estudio_erre_PORTFOLIO.pdf\" class=\"wp-block-file__button wp-element-button\" download aria-describedby=\"wp-block-file--media-869f2ced-fd8c-4586-a035-2d45db4077f5\">Descarga<\/a><\/div>\n\n\n\n<p><\/p>\n","protected":false},"excerpt":{"rendered":"<p>Javier Pe\u00f1a T. 0034 670 898 736e-mail: javier@estudio-erre.comDirecci\u00f3n: Nicol\u00e1s Morales 38-40, 1\u00ba estudio 10, Madrid<\/p>\n","protected":false},"author":1,"featured_media":0,"parent":0,"menu_order":0,"comment_status":"closed","ping_status":"closed","template":"","meta":[],"_links":{"self":[{"href":"https:\/\/www.estudio-erre.com\/index.php\/wp-json\/wp\/v2\/pages\/155"}],"collection":[{"href":"https:\/\/www.estudio-erre.com\/index.php\/wp-json\/wp\/v2\/pages"}],"about":[{"href":"https:\/\/www.estudio-erre.com\/index.php\/wp-json\/wp\/v2\/types\/page"}],"author":[{"embeddable":true,"href":"https:\/\/www.estudio-erre.com\/index.php\/wp-json\/wp\/v2\/users\/1"}],"replies":[{"embeddable":true,"href":"https:\/\/www.estudio-erre.com\/index.php\/wp-json\/wp\/v2\/comments?post=155"}],"version-history":[{"count":7,"href":"https:\/\/www.estudio-erre.com\/index.php\/wp-json\/wp\/v2\/pages\/155\/revisions"}],"predecessor-version":[{"id":460,"href":"https:\/\/www.estudio-erre.com\/index.php\/wp-json\/wp\/v2\/pages\/155\/revisions\/460"}],"wp:attachment":[{"href":"https:\/\/www.estudio-erre.com\/index.php\/wp-json\/wp\/v2\/media?parent=155"}],"curies":[{"name":"wp","href":"https:\/\/api.w.org\/{rel}","templated":true}]}}